{"id":3860,"date":"2024-02-21T20:12:30","date_gmt":"2024-02-21T17:12:30","guid":{"rendered":"https:\/\/www.drilkerozdemir.com\/tedaviler"},"modified":"2024-11-19T06:17:49","modified_gmt":"2024-11-19T03:17:49","slug":"treatments","status":"publish","type":"page","link":"https:\/\/www.drilkerozdemir.com\/en\/urology-and-andrology\/treatments","title":{"rendered":"Treatments"},"content":{"rendered":"<div id=\"bsf_rt_marker\"><section class=\"gb-container gb-container-9ed76726 section\">\n<div class=\"gb-container gb-container-ae87f0ae sec_row sec_header\">\n\n<h1 class=\"wp-block-heading cont_center\"><strong>Treatment Methods<\/strong><\/h1>\n\n\n\n<p>Your urological health is in safe hands with our modern methods and contemporary approaches! Live a happier life with modern treatment methods and the professional support of Dr. \u0130lker \u00d6ZDEM\u0130R!<\/p>\n\n<\/div>\n\n\n<h3 class=\"wp-block-heading section_title section_blue\">Surgical Treatment Methods<\/h3>\n\n\n<div class=\"gb-container gb-container-69ba971e sec_row\">\n\n\t\t\t<div class=\"wp-block-uagb-post-grid uagb-post-grid post_grid uagb-post__image-position-top uagb-post__image-enabled uagb-block-700d3366     uagb-post__items uagb-post__columns-3 is-grid uagb-post__columns-tablet-2 uagb-post__columns-mobile-1 uagb-post__equal-height\" data-total=\"1\" style=\"\">\n\n\t\t\t\t\t\t\t\t\t\t\t\t<article class=\"uagb-post__inner-wrap\">\t\t\t\t\t\t\t\t<div class='uagb-post__image'>\n\t\t\t\t\t\t\t\t\t<a href=\"https:\/\/www.drilkerozdemir.com\/en\/urology-andrology\/robotic-surgery\" target=\"_self\" rel=\"bookmark noopener noreferrer\" class='uagb-image-ratio-2-3'><img decoding=\"async\" width=\"350\" height=\"350\" src=\"https:\/\/www.drilkerozdemir.com\/upload\/urolojide-robotik-cerrahi-350x350.webp\" class=\"attachment-medium size-medium\" alt=\"\u00dcrolojide Robotik Cerrahi\" srcset=\"https:\/\/www.drilkerozdemir.com\/upload\/urolojide-robotik-cerrahi-350x350.webp 350w, https:\/\/www.drilkerozdemir.com\/upload\/urolojide-robotik-cerrahi-235x235.webp 235w, https:\/\/www.drilkerozdemir.com\/upload\/urolojide-robotik-cerrahi.webp 600w\" sizes=\"(max-width: 350px) 100vw, 350px\" title=\"\">\t\t\t\t\t<\/a>\n\t\t\t\t\t\t\t<\/div>\n\t\t\t\t\t\t<h4 class=\"uagb-post__title uagb-post__text\">\n\t\t\t\t<a href=\"https:\/\/www.drilkerozdemir.com\/en\/urology-andrology\/robotic-surgery\" target=\"_self\" rel=\"bookmark noopener noreferrer\">Robotic Surgery<\/a>\n\t\t\t<\/h4>\n\t\t\t\t\t\t<div class='uagb-post__text uagb-post-grid-byline'>\n\t\t\t\t\t\t\t<\/div>\n\t\t\t\t\t\t\t<div class='uagb-post__text uagb-post__excerpt'>\n\t\t\t\t\tWe successfully utilize robotic surgery, also known as the da Vinci robotic system, in the treatment of prostate cancer, kidney&#8230;\t\t\t\t<\/div>\n\t\t\t\t\t\t<div class=\"uagb-post__text uagb-post__cta wp-block-button\">\n\t\t\t\t<a class=\"wp-block-button__link uagb-text-link\" href=\"https:\/\/www.drilkerozdemir.com\/en\/urology-andrology\/robotic-surgery\" target=\"_self\" rel=\"bookmark noopener noreferrer\">Read More &raquo;<\/a>\n\t\t\t<\/div>\n\t\t\t\t\t\t\t\t\t\t\t\t<\/article>\n\t\t\t\t\t\t\t\t\t\t\t\t\t\t\t\t<article class=\"uagb-post__inner-wrap\">\t\t\t\t\t\t\t\t<div class='uagb-post__image'>\n\t\t\t\t\t\t\t\t\t<a href=\"https:\/\/www.drilkerozdemir.com\/en\/urology-andrology\/endoscopic-surgery\" target=\"_self\" rel=\"bookmark noopener noreferrer\" class='uagb-image-ratio-2-3'><img decoding=\"async\" width=\"350\" height=\"350\" src=\"https:\/\/www.drilkerozdemir.com\/upload\/endoskopik-cerrahi-350x350.webp\" class=\"attachment-medium size-medium\" alt=\"Endoskopik Cerrahi (Kapal\u0131 Ameliyat)\" srcset=\"https:\/\/www.drilkerozdemir.com\/upload\/endoskopik-cerrahi-350x350.webp 350w, https:\/\/www.drilkerozdemir.com\/upload\/endoskopik-cerrahi-235x235.webp 235w, https:\/\/www.drilkerozdemir.com\/upload\/endoskopik-cerrahi.webp 600w\" sizes=\"(max-width: 350px) 100vw, 350px\" title=\"\">\t\t\t\t\t<\/a>\n\t\t\t\t\t\t\t<\/div>\n\t\t\t\t\t\t<h4 class=\"uagb-post__title uagb-post__text\">\n\t\t\t\t<a href=\"https:\/\/www.drilkerozdemir.com\/en\/urology-andrology\/endoscopic-surgery\" target=\"_self\" rel=\"bookmark noopener noreferrer\">Endoscopic Surgery<\/a>\n\t\t\t<\/h4>\n\t\t\t\t\t\t<div class='uagb-post__text uagb-post-grid-byline'>\n\t\t\t\t\t\t\t<\/div>\n\t\t\t\t\t\t\t<div class='uagb-post__text uagb-post__excerpt'>\n\t\t\t\t\tIn urology, the endoscopic surgical methods include ureteroscopy, cystoscopy, ureteroscopy, renoscopy (nephroscopy) &#8230;\t\t\t\t<\/div>\n\t\t\t\t\t\t<div class=\"uagb-post__text uagb-post__cta wp-block-button\">\n\t\t\t\t<a class=\"wp-block-button__link uagb-text-link\" href=\"https:\/\/www.drilkerozdemir.com\/en\/urology-andrology\/endoscopic-surgery\" target=\"_self\" rel=\"bookmark noopener noreferrer\">Read More &raquo;<\/a>\n\t\t\t<\/div>\n\t\t\t\t\t\t\t\t\t\t\t\t<\/article>\n\t\t\t\t\t\t\t\t\t\t\t\t\t\t\t\t<article class=\"uagb-post__inner-wrap\">\t\t\t\t\t\t\t\t<div class='uagb-post__image'>\n\t\t\t\t\t\t\t\t\t<a href=\"https:\/\/www.drilkerozdemir.com\/en\/urology-andrology\/microsurgery\" target=\"_self\" rel=\"bookmark noopener noreferrer\" class='uagb-image-ratio-2-3'><img decoding=\"async\" width=\"350\" height=\"350\" src=\"https:\/\/www.drilkerozdemir.com\/upload\/mikrocerrahi-350x350.webp\" class=\"attachment-medium size-medium\" alt=\"\u00dcrolojide Mikrocerrahi Y\u00f6ntemi\" srcset=\"https:\/\/www.drilkerozdemir.com\/upload\/mikrocerrahi-350x350.webp 350w, https:\/\/www.drilkerozdemir.com\/upload\/mikrocerrahi-235x235.webp 235w, https:\/\/www.drilkerozdemir.com\/upload\/mikrocerrahi.webp 600w\" sizes=\"(max-width: 350px) 100vw, 350px\" title=\"\">\t\t\t\t\t<\/a>\n\t\t\t\t\t\t\t<\/div>\n\t\t\t\t\t\t<h4 class=\"uagb-post__title uagb-post__text\">\n\t\t\t\t<a href=\"https:\/\/www.drilkerozdemir.com\/en\/urology-andrology\/microsurgery\" target=\"_self\" rel=\"bookmark noopener noreferrer\">Microsurgery<\/a>\n\t\t\t<\/h4>\n\t\t\t\t\t\t<div class='uagb-post__text uagb-post-grid-byline'>\n\t\t\t\t\t\t\t<\/div>\n\t\t\t\t\t\t\t<div class='uagb-post__text uagb-post__excerpt'>\n\t\t\t\t\tIn urology, the microsurgery technique involves stitching or isolating very fine blood vessels and nerves &#8230;\t\t\t\t<\/div>\n\t\t\t\t\t\t<div class=\"uagb-post__text uagb-post__cta wp-block-button\">\n\t\t\t\t<a class=\"wp-block-button__link uagb-text-link\" href=\"https:\/\/www.drilkerozdemir.com\/en\/urology-andrology\/microsurgery\" target=\"_self\" rel=\"bookmark noopener noreferrer\">Read More &raquo;<\/a>\n\t\t\t<\/div>\n\t\t\t\t\t\t\t\t\t\t\t\t<\/article>\n\t\t\t\t\t\t\t\t\t\t\t\t\t\t\t\t<article class=\"uagb-post__inner-wrap\">\t\t\t\t\t\t\t\t<div class='uagb-post__image'>\n\t\t\t\t\t\t\t\t\t<a href=\"https:\/\/www.drilkerozdemir.com\/en\/urology-andrology\/tas-kirma-eswl-tedavisi\" target=\"_self\" rel=\"bookmark noopener noreferrer\" class='uagb-image-ratio-2-3'><img decoding=\"async\" width=\"350\" height=\"350\" src=\"https:\/\/www.drilkerozdemir.com\/upload\/tas-kirma-eswl-tedavisi-350x350.webp\" class=\"attachment-medium size-medium\" alt=\"Ta\u015f K\u0131rma (ESWL Tedavisi)\" srcset=\"https:\/\/www.drilkerozdemir.com\/upload\/tas-kirma-eswl-tedavisi-350x350.webp 350w, https:\/\/www.drilkerozdemir.com\/upload\/tas-kirma-eswl-tedavisi-235x235.webp 235w, https:\/\/www.drilkerozdemir.com\/upload\/tas-kirma-eswl-tedavisi.webp 600w\" sizes=\"(max-width: 350px) 100vw, 350px\" title=\"\">\t\t\t\t\t<\/a>\n\t\t\t\t\t\t\t<\/div>\n\t\t\t\t\t\t<h4 class=\"uagb-post__title uagb-post__text\">\n\t\t\t\t<a href=\"https:\/\/www.drilkerozdemir.com\/en\/urology-andrology\/tas-kirma-eswl-tedavisi\" target=\"_self\" rel=\"bookmark noopener noreferrer\">Stone Breaking (ESWL Treatment)<\/a>\n\t\t\t<\/h4>\n\t\t\t\t\t\t<div class='uagb-post__text uagb-post-grid-byline'>\n\t\t\t\t\t\t\t<\/div>\n\t\t\t\t\t\t\t<div class='uagb-post__text uagb-post__excerpt'>\n\t\t\t\t\tESWL treatment is an abbreviation for extracorporeal shock wave lithotripsy, a method that breaks stones using &#8230;\t\t\t\t<\/div>\n\t\t\t\t\t\t<div class=\"uagb-post__text uagb-post__cta wp-block-button\">\n\t\t\t\t<a class=\"wp-block-button__link uagb-text-link\" href=\"https:\/\/www.drilkerozdemir.com\/en\/urology-andrology\/tas-kirma-eswl-tedavisi\" target=\"_self\" rel=\"bookmark noopener noreferrer\">Read More &raquo;<\/a>\n\t\t\t<\/div>\n\t\t\t\t\t\t\t\t\t\t\t\t<\/article>\n\t\t\t\t\t\t\t\t\t\t\t<\/div>\n\t\t\t\n<\/div>\n\n\n<h3 class=\"wp-block-heading section_title section_blue\">Non-Surgical Treatment Methods<\/h3>\n\n\n<div class=\"gb-container gb-container-f3ea9139 sec_row\">\n\n\t\t\t<div class=\"wp-block-uagb-post-grid uagb-post-grid post_grid uagb-post__image-position-top uagb-post__image-enabled uagb-block-74d007d5     uagb-post__items uagb-post__columns-3 is-grid uagb-post__columns-tablet-2 uagb-post__columns-mobile-1 uagb-post__equal-height\" data-total=\"0\" style=\"\">\n\n\t\t\t\t\t\t\t\t\t<p class=\"uagb-post__no-posts\">\n\t\t\t\t\t\tNo post found!\t\t\t\t\t<\/p>\n\t\t\t\t\t\t\t\t<\/div>\n\t\t\t\n<\/div>\n<\/section><\/div>","protected":false},"excerpt":{"rendered":"<p>Treatment Methods Your urological health is in safe hands with our modern methods and contemporary approaches! Live a happier life with modern treatment methods and the professional support of Dr. \u0130lker \u00d6ZDEM\u0130R! Surgical Treatment Methods Non-Surgical Treatment Methods<\/p>\n","protected":false},"author":115524,"featured_media":0,"parent":3862,"menu_order":0,"comment_status":"closed","ping_status":"closed","template":"","meta":{"inline_featured_image":false,"_uag_custom_page_level_css":"","ub_ctt_via":"","footnotes":""},"featured_image_src":null,"uagb_featured_image_src":{"full":false,"thumbnail":false,"medium":false,"medium_large":false,"large":false,"1536x1536":false,"2048x2048":false},"uagb_author_info":{"display_name":"Doktor \u0130lker \u00d6ZDEM\u0130R","author_link":"https:\/\/www.drilkerozdemir.com\/en\/author\/drilkerozdemir"},"uagb_comment_info":0,"uagb_excerpt":"Treatment Methods Your urological health is in safe hands with our modern methods and contemporary approaches! Live a happier life with modern treatment methods and the professional support of Dr. \u0130lker \u00d6ZDEM\u0130R! Surgical Treatment Methods Non-Surgical Treatment Methods","_links":{"self":[{"href":"https:\/\/www.drilkerozdemir.com\/en\/wp-json\/wp\/v2\/pages\/3860"}],"collection":[{"href":"https:\/\/www.drilkerozdemir.com\/en\/wp-json\/wp\/v2\/pages"}],"about":[{"href":"https:\/\/www.drilkerozdemir.com\/en\/wp-json\/wp\/v2\/types\/page"}],"author":[{"embeddable":true,"href":"https:\/\/www.drilkerozdemir.com\/en\/wp-json\/wp\/v2\/users\/115524"}],"replies":[{"embeddable":true,"href":"https:\/\/www.drilkerozdemir.com\/en\/wp-json\/wp\/v2\/comments?post=3860"}],"version-history":[{"count":0,"href":"https:\/\/www.drilkerozdemir.com\/en\/wp-json\/wp\/v2\/pages\/3860\/revisions"}],"up":[{"embeddable":true,"href":"https:\/\/www.drilkerozdemir.com\/en\/wp-json\/wp\/v2\/pages\/3862"}],"wp:attachment":[{"href":"https:\/\/www.drilkerozdemir.com\/en\/wp-json\/wp\/v2\/media?parent=3860"}],"curies":[{"name":"wp","href":"https:\/\/api.w.org\/{rel}","templated":true}]}}