{"id":3864,"date":"2024-02-21T20:10:55","date_gmt":"2024-02-21T17:10:55","guid":{"rendered":"https:\/\/www.drilkerozdemir.com\/urology-andrology\/hastaliklar"},"modified":"2024-11-19T06:17:40","modified_gmt":"2024-11-19T03:17:40","slug":"diseases","status":"publish","type":"page","link":"https:\/\/www.drilkerozdemir.com\/en\/urology-and-andrology\/diseases","title":{"rendered":"Diseases"},"content":{"rendered":"<div id=\"bsf_rt_marker\"><section class=\"gb-container gb-container-9ed76726 section\">\n<div class=\"gb-container gb-container-ae87f0ae sec_row sec_header\">\n\n<h1 class=\"wp-block-heading cont_center\">Urological Diseases \u2013 We Care for Your Health!<\/h1>\n\n\n\n<p>Your urological health is secured with our up-to-date and evidence-based diagnosis and treatment methods! With 20 years of experience, modern patient approaches, and current treatments applied in our clinic, urological diseases are under our control!<\/p>\n\n<\/div>\n\n<div class=\"gb-container gb-container-69ba971e sec_row\">\n\n\t\t\t<div class=\"wp-block-uagb-post-grid uagb-post-grid post_grid uagb-post__image-position-top uagb-post__image-enabled uagb-block-700d3366     uagb-post__items uagb-post__columns-3 is-grid uagb-post__columns-tablet-2 uagb-post__columns-mobile-1 uagb-post__equal-height\" data-total=\"1\" style=\"\">\n\n\t\t\t\t\t\t\t\t\t\t\t\t<article class=\"uagb-post__inner-wrap\">\t\t\t\t\t\t\t\t<div class='uagb-post__image'>\n\t\t\t\t\t\t\t\t\t<a href=\"https:\/\/www.drilkerozdemir.com\/en\/urology-andrology\/prostatitis\" target=\"_self\" rel=\"bookmark noopener noreferrer\" class='uagb-image-ratio-2-3'><img decoding=\"async\" width=\"350\" height=\"350\" src=\"https:\/\/www.drilkerozdemir.com\/upload\/prostatit-350x350.webp\" class=\"attachment-medium size-medium\" alt=\"Prostatit Tedavisi\" srcset=\"https:\/\/www.drilkerozdemir.com\/upload\/prostatit-350x350.webp 350w, https:\/\/www.drilkerozdemir.com\/upload\/prostatit-235x235.webp 235w, https:\/\/www.drilkerozdemir.com\/upload\/prostatit.webp 600w\" sizes=\"(max-width: 350px) 100vw, 350px\" title=\"\">\t\t\t\t\t<\/a>\n\t\t\t\t\t\t\t<\/div>\n\t\t\t\t\t\t<h4 class=\"uagb-post__title uagb-post__text\">\n\t\t\t\t<a href=\"https:\/\/www.drilkerozdemir.com\/en\/urology-andrology\/prostatitis\" target=\"_self\" rel=\"bookmark noopener noreferrer\">Prostatitis<\/a>\n\t\t\t<\/h4>\n\t\t\t\t\t\t<div class='uagb-post__text uagb-post-grid-byline'>\n\t\t\t\t\t\t\t<\/div>\n\t\t\t\t\t\t\t<div class='uagb-post__text uagb-post__excerpt'>\n\t\t\t\t\tProstatitis is a significant condition not only because of the physical discomfort it causes but also due to its impact&#8230;\t\t\t\t<\/div>\n\t\t\t\t\t\t<div class=\"uagb-post__text uagb-post__cta wp-block-button\">\n\t\t\t\t<a class=\"wp-block-button__link uagb-text-link\" href=\"https:\/\/www.drilkerozdemir.com\/en\/urology-andrology\/prostatitis\" target=\"_self\" rel=\"bookmark noopener noreferrer\">Read More &raquo;<\/a>\n\t\t\t<\/div>\n\t\t\t\t\t\t\t\t\t\t\t\t<\/article>\n\t\t\t\t\t\t\t\t\t\t\t\t\t\t\t\t<article class=\"uagb-post__inner-wrap\">\t\t\t\t\t\t\t\t<div class='uagb-post__image'>\n\t\t\t\t\t\t\t\t\t<a href=\"https:\/\/www.drilkerozdemir.com\/en\/urology-andrology\/benign-prostatic-hyperplasia\" target=\"_self\" rel=\"bookmark noopener noreferrer\" class='uagb-image-ratio-2-3'><img decoding=\"async\" width=\"350\" height=\"350\" src=\"https:\/\/www.drilkerozdemir.com\/upload\/benign-prostat-hiperplazisi-350x350.webp\" class=\"attachment-medium size-medium\" alt=\"\u0130yi Huylu Prostat B\u00fcy\u00fcmesi (BPH) Tedavisi\" srcset=\"https:\/\/www.drilkerozdemir.com\/upload\/benign-prostat-hiperplazisi-350x350.webp 350w, https:\/\/www.drilkerozdemir.com\/upload\/benign-prostat-hiperplazisi-235x235.webp 235w, https:\/\/www.drilkerozdemir.com\/upload\/benign-prostat-hiperplazisi.webp 600w\" sizes=\"(max-width: 350px) 100vw, 350px\" title=\"\">\t\t\t\t\t<\/a>\n\t\t\t\t\t\t\t<\/div>\n\t\t\t\t\t\t<h4 class=\"uagb-post__title uagb-post__text\">\n\t\t\t\t<a href=\"https:\/\/www.drilkerozdemir.com\/en\/urology-andrology\/benign-prostatic-hyperplasia\" target=\"_self\" rel=\"bookmark noopener noreferrer\">Benign Prostatic Hyperplasia<\/a>\n\t\t\t<\/h4>\n\t\t\t\t\t\t<div class='uagb-post__text uagb-post-grid-byline'>\n\t\t\t\t\t\t\t<\/div>\n\t\t\t\t\t\t\t<div class='uagb-post__text uagb-post__excerpt'>\n\t\t\t\t\tDue to the effects of hormonal changes associated with aging, benign enlargement occurs in the prostate gland of &#8230;\t\t\t\t<\/div>\n\t\t\t\t\t\t<div class=\"uagb-post__text uagb-post__cta wp-block-button\">\n\t\t\t\t<a class=\"wp-block-button__link uagb-text-link\" href=\"https:\/\/www.drilkerozdemir.com\/en\/urology-andrology\/benign-prostatic-hyperplasia\" target=\"_self\" rel=\"bookmark noopener noreferrer\">Read More &raquo;<\/a>\n\t\t\t<\/div>\n\t\t\t\t\t\t\t\t\t\t\t\t<\/article>\n\t\t\t\t\t\t\t\t\t\t\t\t\t\t\t\t<article class=\"uagb-post__inner-wrap\">\t\t\t\t\t\t\t\t<div class='uagb-post__image'>\n\t\t\t\t\t\t\t\t\t<a href=\"https:\/\/www.drilkerozdemir.com\/en\/urology-andrology\/female-sexual-dysfunction\" target=\"_self\" rel=\"bookmark noopener noreferrer\" class='uagb-image-ratio-2-3'><img decoding=\"async\" width=\"350\" height=\"350\" src=\"https:\/\/www.drilkerozdemir.com\/upload\/kadin-cinsel-fonksiyon-bozukluklari-350x350.webp\" class=\"attachment-medium size-medium\" alt=\"Kad\u0131n Cinsel Fonksiyon Bozukluklar\u0131 Tedavisi\" srcset=\"https:\/\/www.drilkerozdemir.com\/upload\/kadin-cinsel-fonksiyon-bozukluklari-350x350.webp 350w, https:\/\/www.drilkerozdemir.com\/upload\/kadin-cinsel-fonksiyon-bozukluklari-235x235.webp 235w, https:\/\/www.drilkerozdemir.com\/upload\/kadin-cinsel-fonksiyon-bozukluklari.webp 600w\" sizes=\"(max-width: 350px) 100vw, 350px\" title=\"\">\t\t\t\t\t<\/a>\n\t\t\t\t\t\t\t<\/div>\n\t\t\t\t\t\t<h4 class=\"uagb-post__title uagb-post__text\">\n\t\t\t\t<a href=\"https:\/\/www.drilkerozdemir.com\/en\/urology-andrology\/female-sexual-dysfunction\" target=\"_self\" rel=\"bookmark noopener noreferrer\">Female Sexual Dysfunction<\/a>\n\t\t\t<\/h4>\n\t\t\t\t\t\t<div class='uagb-post__text uagb-post-grid-byline'>\n\t\t\t\t\t\t\t<\/div>\n\t\t\t\t\t\t\t<div class='uagb-post__text uagb-post__excerpt'>\n\t\t\t\t\tUrogenital aging, related to age, difficult childbirth, and decreased estrogen levels, leads to issues in the vaginal &#8230;\t\t\t\t<\/div>\n\t\t\t\t\t\t<div class=\"uagb-post__text uagb-post__cta wp-block-button\">\n\t\t\t\t<a class=\"wp-block-button__link uagb-text-link\" href=\"https:\/\/www.drilkerozdemir.com\/en\/urology-andrology\/female-sexual-dysfunction\" target=\"_self\" rel=\"bookmark noopener noreferrer\">Read More &raquo;<\/a>\n\t\t\t<\/div>\n\t\t\t\t\t\t\t\t\t\t\t\t<\/article>\n\t\t\t\t\t\t\t\t\t\t\t\t\t\t\t\t<article class=\"uagb-post__inner-wrap\">\t\t\t\t\t\t\t\t<div class='uagb-post__image'>\n\t\t\t\t\t\t\t\t\t<a href=\"https:\/\/www.drilkerozdemir.com\/en\/urology-andrology\/male-sexual-dysfunction\" target=\"_self\" rel=\"bookmark noopener noreferrer\" class='uagb-image-ratio-2-3'><img decoding=\"async\" width=\"350\" height=\"350\" src=\"https:\/\/www.drilkerozdemir.com\/upload\/erkek-cinsel-fonksiyon-bozukluklari-350x350.webp\" class=\"attachment-medium size-medium\" alt=\"Erkek\u00a0Cinsel Fonksiyon Bozukluklar\u0131 Tedavisi\" srcset=\"https:\/\/www.drilkerozdemir.com\/upload\/erkek-cinsel-fonksiyon-bozukluklari-350x350.webp 350w, https:\/\/www.drilkerozdemir.com\/upload\/erkek-cinsel-fonksiyon-bozukluklari-235x235.webp 235w, https:\/\/www.drilkerozdemir.com\/upload\/erkek-cinsel-fonksiyon-bozukluklari.webp 600w\" sizes=\"(max-width: 350px) 100vw, 350px\" title=\"\">\t\t\t\t\t<\/a>\n\t\t\t\t\t\t\t<\/div>\n\t\t\t\t\t\t<h4 class=\"uagb-post__title uagb-post__text\">\n\t\t\t\t<a href=\"https:\/\/www.drilkerozdemir.com\/en\/urology-andrology\/male-sexual-dysfunction\" target=\"_self\" rel=\"bookmark noopener noreferrer\">Male Sexual Dysfunction<\/a>\n\t\t\t<\/h4>\n\t\t\t\t\t\t<div class='uagb-post__text uagb-post-grid-byline'>\n\t\t\t\t\t\t\t<\/div>\n\t\t\t\t\t\t\t<div class='uagb-post__text uagb-post__excerpt'>\n\t\t\t\t\tWith our treatment methods that provide rapid diagnosis and definitive solutions for male sexual dysfunction, achieve &#8230;\t\t\t\t<\/div>\n\t\t\t\t\t\t<div class=\"uagb-post__text uagb-post__cta wp-block-button\">\n\t\t\t\t<a class=\"wp-block-button__link uagb-text-link\" href=\"https:\/\/www.drilkerozdemir.com\/en\/urology-andrology\/male-sexual-dysfunction\" target=\"_self\" rel=\"bookmark noopener noreferrer\">Read More &raquo;<\/a>\n\t\t\t<\/div>\n\t\t\t\t\t\t\t\t\t\t\t\t<\/article>\n\t\t\t\t\t\t\t\t\t\t\t<\/div>\n\t\t\t\n<\/div>\n<\/section><\/div>","protected":false},"excerpt":{"rendered":"<p>Urological Diseases \u2013 We Care for Your Health! Your urological health is secured with our up-to-date and evidence-based diagnosis and treatment methods! With 20 years of experience, modern patient approaches, and current treatments applied in our clinic, urological diseases are under our control!<\/p>\n","protected":false},"author":115524,"featured_media":0,"parent":3862,"menu_order":0,"comment_status":"closed","ping_status":"closed","template":"","meta":{"inline_featured_image":false,"_uag_custom_page_level_css":"","ub_ctt_via":"","footnotes":""},"featured_image_src":null,"uagb_featured_image_src":{"full":false,"thumbnail":false,"medium":false,"medium_large":false,"large":false,"1536x1536":false,"2048x2048":false},"uagb_author_info":{"display_name":"Doktor \u0130lker \u00d6ZDEM\u0130R","author_link":"https:\/\/www.drilkerozdemir.com\/en\/author\/drilkerozdemir"},"uagb_comment_info":0,"uagb_excerpt":"Urological Diseases \u2013 We Care for Your Health! Your urological health is secured with our up-to-date and evidence-based diagnosis and treatment methods! With 20 years of experience, modern patient approaches, and current treatments applied in our clinic, urological diseases are under our control!","_links":{"self":[{"href":"https:\/\/www.drilkerozdemir.com\/en\/wp-json\/wp\/v2\/pages\/3864"}],"collection":[{"href":"https:\/\/www.drilkerozdemir.com\/en\/wp-json\/wp\/v2\/pages"}],"about":[{"href":"https:\/\/www.drilkerozdemir.com\/en\/wp-json\/wp\/v2\/types\/page"}],"author":[{"embeddable":true,"href":"https:\/\/www.drilkerozdemir.com\/en\/wp-json\/wp\/v2\/users\/115524"}],"replies":[{"embeddable":true,"href":"https:\/\/www.drilkerozdemir.com\/en\/wp-json\/wp\/v2\/comments?post=3864"}],"version-history":[{"count":0,"href":"https:\/\/www.drilkerozdemir.com\/en\/wp-json\/wp\/v2\/pages\/3864\/revisions"}],"up":[{"embeddable":true,"href":"https:\/\/www.drilkerozdemir.com\/en\/wp-json\/wp\/v2\/pages\/3862"}],"wp:attachment":[{"href":"https:\/\/www.drilkerozdemir.com\/en\/wp-json\/wp\/v2\/media?parent=3864"}],"curies":[{"name":"wp","href":"https:\/\/api.w.org\/{rel}","templated":true}]}}