{"id":3896,"date":"2024-02-21T20:10:08","date_gmt":"2024-02-21T17:10:08","guid":{"rendered":"https:\/\/www.drilkerozdemir.com\/urology-andrology\/kanserler"},"modified":"2024-11-19T06:17:25","modified_gmt":"2024-11-19T03:17:25","slug":"cancers","status":"publish","type":"page","link":"https:\/\/www.drilkerozdemir.com\/en\/urology-and-andrology\/cancers","title":{"rendered":"Cancers"},"content":{"rendered":"<div id=\"bsf_rt_marker\"><section class=\"gb-container gb-container-9ed76726 section\">\n<div class=\"gb-container gb-container-ae87f0ae sec_row sec_header\">\n\n<h1 class=\"wp-block-heading cont_center\">Urological Cancers \u2013 You Are Not Alone Against Cancer!<\/h1>\n\n\n\n<p>In the treatment of urological cancers, modern diagnosis and advanced treatment methods ensure a healthier and safer life! We fully support our patients in their battle against cancer with the treatments we provide!<\/p>\n\n<\/div>\n\n<div class=\"gb-container gb-container-69ba971e sec_row\">\n\n\t\t\t<div class=\"wp-block-uagb-post-grid uagb-post-grid post_grid uagb-post__image-position-top uagb-post__image-enabled uagb-block-700d3366     uagb-post__items uagb-post__columns-3 is-grid uagb-post__columns-tablet-2 uagb-post__columns-mobile-1 uagb-post__equal-height\" data-total=\"1\" style=\"\">\n\n\t\t\t\t\t\t\t\t\t\t\t\t<article class=\"uagb-post__inner-wrap\">\t\t\t\t\t\t\t\t<div class='uagb-post__image'>\n\t\t\t\t\t\t\t\t\t<a href=\"https:\/\/www.drilkerozdemir.com\/en\/urology-andrology\/bladder-cancer\" target=\"_self\" rel=\"bookmark noopener noreferrer\" class='uagb-image-ratio-2-3'><img decoding=\"async\" width=\"350\" height=\"350\" src=\"https:\/\/www.drilkerozdemir.com\/upload\/mesane-kanseri-tedavisi-350x350.webp\" class=\"attachment-medium size-medium\" alt=\"Mesane Kanseri Tedavisi\" srcset=\"https:\/\/www.drilkerozdemir.com\/upload\/mesane-kanseri-tedavisi-350x350.webp 350w, https:\/\/www.drilkerozdemir.com\/upload\/mesane-kanseri-tedavisi-235x235.webp 235w, https:\/\/www.drilkerozdemir.com\/upload\/mesane-kanseri-tedavisi.webp 600w\" sizes=\"(max-width: 350px) 100vw, 350px\" title=\"\">\t\t\t\t\t<\/a>\n\t\t\t\t\t\t\t<\/div>\n\t\t\t\t\t\t<h4 class=\"uagb-post__title uagb-post__text\">\n\t\t\t\t<a href=\"https:\/\/www.drilkerozdemir.com\/en\/urology-andrology\/bladder-cancer\" target=\"_self\" rel=\"bookmark noopener noreferrer\">Bladder Cancer<\/a>\n\t\t\t<\/h4>\n\t\t\t\t\t\t<div class='uagb-post__text uagb-post-grid-byline'>\n\t\t\t\t\t\t\t<\/div>\n\t\t\t\t\t\t\t<div class='uagb-post__text uagb-post__excerpt'>\n\t\t\t\t\tWith the most effective treatment methods (laparoscopic surgery, robotic surgery), we achieve a 100%\t\t\t\t<\/div>\n\t\t\t\t\t\t<div class=\"uagb-post__text uagb-post__cta wp-block-button\">\n\t\t\t\t<a class=\"wp-block-button__link uagb-text-link\" href=\"https:\/\/www.drilkerozdemir.com\/en\/urology-andrology\/bladder-cancer\" target=\"_self\" rel=\"bookmark noopener noreferrer\">Read More &raquo;<\/a>\n\t\t\t<\/div>\n\t\t\t\t\t\t\t\t\t\t\t\t<\/article>\n\t\t\t\t\t\t\t\t\t\t\t\t\t\t\t\t<article class=\"uagb-post__inner-wrap\">\t\t\t\t\t\t\t\t<div class='uagb-post__image'>\n\t\t\t\t\t\t\t\t\t<a href=\"https:\/\/www.drilkerozdemir.com\/en\/urology-andrology\/urethral-cancer\" target=\"_self\" rel=\"bookmark noopener noreferrer\" class='uagb-image-ratio-2-3'><img decoding=\"async\" width=\"350\" height=\"350\" src=\"https:\/\/www.drilkerozdemir.com\/upload\/uretra-kanseri-tedavisi-350x350.webp\" class=\"attachment-medium size-medium\" alt=\"\u00dcretra Kanseri Tedavisi\" srcset=\"https:\/\/www.drilkerozdemir.com\/upload\/uretra-kanseri-tedavisi-350x350.webp 350w, https:\/\/www.drilkerozdemir.com\/upload\/uretra-kanseri-tedavisi-235x235.webp 235w, https:\/\/www.drilkerozdemir.com\/upload\/uretra-kanseri-tedavisi.webp 600w\" sizes=\"(max-width: 350px) 100vw, 350px\" title=\"\">\t\t\t\t\t<\/a>\n\t\t\t\t\t\t\t<\/div>\n\t\t\t\t\t\t<h4 class=\"uagb-post__title uagb-post__text\">\n\t\t\t\t<a href=\"https:\/\/www.drilkerozdemir.com\/en\/urology-andrology\/urethral-cancer\" target=\"_self\" rel=\"bookmark noopener noreferrer\">Urethral Cancer<\/a>\n\t\t\t<\/h4>\n\t\t\t\t\t\t<div class='uagb-post__text uagb-post-grid-byline'>\n\t\t\t\t\t\t\t<\/div>\n\t\t\t\t\t\t\t<div class='uagb-post__text uagb-post__excerpt'>\n\t\t\t\t\tUrethral cancer is generally a rare type of cancer that occurs more frequently in women than in men. Symptoms may&#8230;\t\t\t\t<\/div>\n\t\t\t\t\t\t<div class=\"uagb-post__text uagb-post__cta wp-block-button\">\n\t\t\t\t<a class=\"wp-block-button__link uagb-text-link\" href=\"https:\/\/www.drilkerozdemir.com\/en\/urology-andrology\/urethral-cancer\" target=\"_self\" rel=\"bookmark noopener noreferrer\">Read More &raquo;<\/a>\n\t\t\t<\/div>\n\t\t\t\t\t\t\t\t\t\t\t\t<\/article>\n\t\t\t\t\t\t\t\t\t\t\t\t\t\t\t\t<article class=\"uagb-post__inner-wrap\">\t\t\t\t\t\t\t\t<div class='uagb-post__image'>\n\t\t\t\t\t\t\t\t\t<a href=\"https:\/\/www.drilkerozdemir.com\/en\/urology-andrology\/penile-cancer\" target=\"_self\" rel=\"bookmark noopener noreferrer\" class='uagb-image-ratio-2-3'><img decoding=\"async\" width=\"350\" height=\"350\" src=\"https:\/\/www.drilkerozdemir.com\/upload\/penis-kanseri-tedavisi-350x350.webp\" class=\"attachment-medium size-medium\" alt=\"Penis Kanseri Tedavisi\" srcset=\"https:\/\/www.drilkerozdemir.com\/upload\/penis-kanseri-tedavisi-350x350.webp 350w, https:\/\/www.drilkerozdemir.com\/upload\/penis-kanseri-tedavisi-235x235.webp 235w, https:\/\/www.drilkerozdemir.com\/upload\/penis-kanseri-tedavisi.webp 600w\" sizes=\"(max-width: 350px) 100vw, 350px\" title=\"\">\t\t\t\t\t<\/a>\n\t\t\t\t\t\t\t<\/div>\n\t\t\t\t\t\t<h4 class=\"uagb-post__title uagb-post__text\">\n\t\t\t\t<a href=\"https:\/\/www.drilkerozdemir.com\/en\/urology-andrology\/penile-cancer\" target=\"_self\" rel=\"bookmark noopener noreferrer\">Penile Cancer<\/a>\n\t\t\t<\/h4>\n\t\t\t\t\t\t<div class='uagb-post__text uagb-post-grid-byline'>\n\t\t\t\t\t\t\t<\/div>\n\t\t\t\t\t\t\t<div class='uagb-post__text uagb-post__excerpt'>\n\t\t\t\t\tAlthough penile cancer is one of the rare types of cancer, it can grow and spread to other parts of&#8230;\t\t\t\t<\/div>\n\t\t\t\t\t\t<div class=\"uagb-post__text uagb-post__cta wp-block-button\">\n\t\t\t\t<a class=\"wp-block-button__link uagb-text-link\" href=\"https:\/\/www.drilkerozdemir.com\/en\/urology-andrology\/penile-cancer\" target=\"_self\" rel=\"bookmark noopener noreferrer\">Read More &raquo;<\/a>\n\t\t\t<\/div>\n\t\t\t\t\t\t\t\t\t\t\t\t<\/article>\n\t\t\t\t\t\t\t\t\t\t\t\t\t\t\t\t<article class=\"uagb-post__inner-wrap\">\t\t\t\t\t\t\t\t<div class='uagb-post__image'>\n\t\t\t\t\t\t\t\t\t<a href=\"https:\/\/www.drilkerozdemir.com\/en\/urology-andrology\/testis-kanseri\" target=\"_self\" rel=\"bookmark noopener noreferrer\" class='uagb-image-ratio-2-3'><img decoding=\"async\" width=\"350\" height=\"350\" src=\"https:\/\/www.drilkerozdemir.com\/upload\/testis-kanseri-tedavisi-350x350.webp\" class=\"attachment-medium size-medium\" alt=\"Testis Kanseri Tedavisi\" srcset=\"https:\/\/www.drilkerozdemir.com\/upload\/testis-kanseri-tedavisi-350x350.webp 350w, https:\/\/www.drilkerozdemir.com\/upload\/testis-kanseri-tedavisi-235x235.webp 235w, https:\/\/www.drilkerozdemir.com\/upload\/testis-kanseri-tedavisi.webp 600w\" sizes=\"(max-width: 350px) 100vw, 350px\" title=\"\">\t\t\t\t\t<\/a>\n\t\t\t\t\t\t\t<\/div>\n\t\t\t\t\t\t<h4 class=\"uagb-post__title uagb-post__text\">\n\t\t\t\t<a href=\"https:\/\/www.drilkerozdemir.com\/en\/urology-andrology\/testis-kanseri\" target=\"_self\" rel=\"bookmark noopener noreferrer\">Testicular Cancer<\/a>\n\t\t\t<\/h4>\n\t\t\t\t\t\t<div class='uagb-post__text uagb-post-grid-byline'>\n\t\t\t\t\t\t\t<\/div>\n\t\t\t\t\t\t\t<div class='uagb-post__text uagb-post__excerpt'>\n\t\t\t\t\tWhen diagnosed early, testicular cancer is a type of cancer that can be completely cured. It accounts for 5% of&#8230;\t\t\t\t<\/div>\n\t\t\t\t\t\t<div class=\"uagb-post__text uagb-post__cta wp-block-button\">\n\t\t\t\t<a class=\"wp-block-button__link uagb-text-link\" href=\"https:\/\/www.drilkerozdemir.com\/en\/urology-andrology\/testis-kanseri\" target=\"_self\" rel=\"bookmark noopener noreferrer\">Read More &raquo;<\/a>\n\t\t\t<\/div>\n\t\t\t\t\t\t\t\t\t\t\t\t<\/article>\n\t\t\t\t\t\t\t\t\t\t\t<\/div>\n\t\t\t\n<\/div>\n<\/section><\/div>","protected":false},"excerpt":{"rendered":"<p>Urological Cancers \u2013 You Are Not Alone Against Cancer! In the treatment of urological cancers, modern diagnosis and advanced treatment methods ensure a healthier and safer life! We fully support our patients in their battle against cancer with the treatments we provide!<\/p>\n","protected":false},"author":115524,"featured_media":0,"parent":3862,"menu_order":0,"comment_status":"closed","ping_status":"closed","template":"","meta":{"inline_featured_image":false,"_uag_custom_page_level_css":"","ub_ctt_via":"","footnotes":""},"featured_image_src":null,"uagb_featured_image_src":{"full":false,"thumbnail":false,"medium":false,"medium_large":false,"large":false,"1536x1536":false,"2048x2048":false},"uagb_author_info":{"display_name":"Doktor \u0130lker \u00d6ZDEM\u0130R","author_link":"https:\/\/www.drilkerozdemir.com\/en\/author\/drilkerozdemir"},"uagb_comment_info":0,"uagb_excerpt":"Urological Cancers \u2013 You Are Not Alone Against Cancer! In the treatment of urological cancers, modern diagnosis and advanced treatment methods ensure a healthier and safer life! We fully support our patients in their battle against cancer with the treatments we provide!","_links":{"self":[{"href":"https:\/\/www.drilkerozdemir.com\/en\/wp-json\/wp\/v2\/pages\/3896"}],"collection":[{"href":"https:\/\/www.drilkerozdemir.com\/en\/wp-json\/wp\/v2\/pages"}],"about":[{"href":"https:\/\/www.drilkerozdemir.com\/en\/wp-json\/wp\/v2\/types\/page"}],"author":[{"embeddable":true,"href":"https:\/\/www.drilkerozdemir.com\/en\/wp-json\/wp\/v2\/users\/115524"}],"replies":[{"embeddable":true,"href":"https:\/\/www.drilkerozdemir.com\/en\/wp-json\/wp\/v2\/comments?post=3896"}],"version-history":[{"count":0,"href":"https:\/\/www.drilkerozdemir.com\/en\/wp-json\/wp\/v2\/pages\/3896\/revisions"}],"up":[{"embeddable":true,"href":"https:\/\/www.drilkerozdemir.com\/en\/wp-json\/wp\/v2\/pages\/3862"}],"wp:attachment":[{"href":"https:\/\/www.drilkerozdemir.com\/en\/wp-json\/wp\/v2\/media?parent=3896"}],"curies":[{"name":"wp","href":"https:\/\/api.w.org\/{rel}","templated":true}]}}