{"id":3897,"date":"2024-02-29T15:29:22","date_gmt":"2024-02-29T12:29:22","guid":{"rendered":"https:\/\/www.drilkerozdemir.com\/urology-andrology\/tani-yontemleri"},"modified":"2024-11-19T06:17:32","modified_gmt":"2024-11-19T03:17:32","slug":"diagnostic-methods","status":"publish","type":"page","link":"https:\/\/www.drilkerozdemir.com\/en\/urology-and-andrology\/diagnostic-methods","title":{"rendered":"Diagnostic Methods"},"content":{"rendered":"<div id=\"bsf_rt_marker\"><section class=\"gb-container gb-container-9ed76726 section\">\n<div class=\"gb-container gb-container-ae87f0ae sec_row sec_header\">\n\n<h1 class=\"wp-block-heading cont_center\">Diagnostic Methods \u2013 Personalized Diagnostic Applications for Every Patient<\/h1>\n\n\n\n<p>Your health is guaranteed with the diagnostic and imaging methods frequently used by urology specialists! With personalized diagnostic opportunities using the most modern methods compliant with world standards, we offer special diagnostic approaches for every patient!<\/p>\n\n<\/div>\n\n<div class=\"gb-container gb-container-69ba971e sec_row\">\n\n\t\t\t<div class=\"wp-block-uagb-post-grid uagb-post-grid post_grid uagb-post__image-position-top uagb-post__image-enabled uagb-block-700d3366     uagb-post__items uagb-post__columns-3 is-grid uagb-post__columns-tablet-2 uagb-post__columns-mobile-1 uagb-post__equal-height\" data-total=\"1\" style=\"\">\n\n\t\t\t\t\t\t\t\t\t\t\t\t<article class=\"uagb-post__inner-wrap\">\t\t\t\t\t\t\t\t<div class='uagb-post__image'>\n\t\t\t\t\t\t\t\t\t<a href=\"https:\/\/www.drilkerozdemir.com\/en\/urology-andrology\/urodynamics\" target=\"_self\" rel=\"bookmark noopener noreferrer\" class='uagb-image-ratio-2-3'><img decoding=\"async\" width=\"350\" height=\"350\" src=\"https:\/\/www.drilkerozdemir.com\/upload\/urodinami-350x350.webp\" class=\"attachment-medium size-medium\" alt=\"\u00dcrodinami Testleri\" srcset=\"https:\/\/www.drilkerozdemir.com\/upload\/urodinami-350x350.webp 350w, https:\/\/www.drilkerozdemir.com\/upload\/urodinami-235x235.webp 235w, https:\/\/www.drilkerozdemir.com\/upload\/urodinami.webp 600w\" sizes=\"(max-width: 350px) 100vw, 350px\" title=\"\">\t\t\t\t\t<\/a>\n\t\t\t\t\t\t\t<\/div>\n\t\t\t\t\t\t<h4 class=\"uagb-post__title uagb-post__text\">\n\t\t\t\t<a href=\"https:\/\/www.drilkerozdemir.com\/en\/urology-andrology\/urodynamics\" target=\"_self\" rel=\"bookmark noopener noreferrer\">Urodynamics<\/a>\n\t\t\t<\/h4>\n\t\t\t\t\t\t<div class='uagb-post__text uagb-post-grid-byline'>\n\t\t\t\t\t\t\t<\/div>\n\t\t\t\t\t\t\t<div class='uagb-post__text uagb-post__excerpt'>\n\t\t\t\t\tThe aim of conducting urodynamic diagnostic tests is to measure the pressure in the bladder and abdomen while &#8230;\t\t\t\t<\/div>\n\t\t\t\t\t\t<div class=\"uagb-post__text uagb-post__cta wp-block-button\">\n\t\t\t\t<a class=\"wp-block-button__link uagb-text-link\" href=\"https:\/\/www.drilkerozdemir.com\/en\/urology-andrology\/urodynamics\" target=\"_self\" rel=\"bookmark noopener noreferrer\">Read More &raquo;<\/a>\n\t\t\t<\/div>\n\t\t\t\t\t\t\t\t\t\t\t\t<\/article>\n\t\t\t\t\t\t\t\t\t\t\t\t\t\t\t\t<article class=\"uagb-post__inner-wrap\">\t\t\t\t\t\t\t\t<div class='uagb-post__image'>\n\t\t\t\t\t\t\t\t\t<a href=\"https:\/\/www.drilkerozdemir.com\/en\/urology-andrology\/urine-analysis\" target=\"_self\" rel=\"bookmark noopener noreferrer\" class='uagb-image-ratio-2-3'><img decoding=\"async\" width=\"350\" height=\"350\" src=\"https:\/\/www.drilkerozdemir.com\/upload\/idrar-tahlili-350x350.webp\" class=\"attachment-medium size-medium\" alt=\"\u0130drar Tahlili\" srcset=\"https:\/\/www.drilkerozdemir.com\/upload\/idrar-tahlili-350x350.webp 350w, https:\/\/www.drilkerozdemir.com\/upload\/idrar-tahlili-235x235.webp 235w, https:\/\/www.drilkerozdemir.com\/upload\/idrar-tahlili.webp 600w\" sizes=\"(max-width: 350px) 100vw, 350px\" title=\"\">\t\t\t\t\t<\/a>\n\t\t\t\t\t\t\t<\/div>\n\t\t\t\t\t\t<h4 class=\"uagb-post__title uagb-post__text\">\n\t\t\t\t<a href=\"https:\/\/www.drilkerozdemir.com\/en\/urology-andrology\/urine-analysis\" target=\"_self\" rel=\"bookmark noopener noreferrer\">Urine Analysis<\/a>\n\t\t\t<\/h4>\n\t\t\t\t\t\t<div class='uagb-post__text uagb-post-grid-byline'>\n\t\t\t\t\t\t\t<\/div>\n\t\t\t\t\t\t\t<div class='uagb-post__text uagb-post__excerpt'>\n\t\t\t\t\tUrine analysis is the most commonly preferred method for diagnosing urological diseases; it is our ideal method for &#8230;\t\t\t\t<\/div>\n\t\t\t\t\t\t<div class=\"uagb-post__text uagb-post__cta wp-block-button\">\n\t\t\t\t<a class=\"wp-block-button__link uagb-text-link\" href=\"https:\/\/www.drilkerozdemir.com\/en\/urology-andrology\/urine-analysis\" target=\"_self\" rel=\"bookmark noopener noreferrer\">Read More &raquo;<\/a>\n\t\t\t<\/div>\n\t\t\t\t\t\t\t\t\t\t\t\t<\/article>\n\t\t\t\t\t\t\t\t\t\t\t\t\t\t\t\t<article class=\"uagb-post__inner-wrap\">\t\t\t\t\t\t\t\t<div class='uagb-post__image'>\n\t\t\t\t\t\t\t\t\t<a href=\"https:\/\/www.drilkerozdemir.com\/en\/urology-andrology\/urine-culture\" target=\"_self\" rel=\"bookmark noopener noreferrer\" class='uagb-image-ratio-2-3'><img decoding=\"async\" width=\"350\" height=\"350\" src=\"https:\/\/www.drilkerozdemir.com\/upload\/idrar-kulturu-350x350.webp\" class=\"attachment-medium size-medium\" alt=\"\u0130drar K\u00fclt\u00fcr\u00fc\" srcset=\"https:\/\/www.drilkerozdemir.com\/upload\/idrar-kulturu-350x350.webp 350w, https:\/\/www.drilkerozdemir.com\/upload\/idrar-kulturu-235x235.webp 235w, https:\/\/www.drilkerozdemir.com\/upload\/idrar-kulturu.webp 600w\" sizes=\"(max-width: 350px) 100vw, 350px\" title=\"\">\t\t\t\t\t<\/a>\n\t\t\t\t\t\t\t<\/div>\n\t\t\t\t\t\t<h4 class=\"uagb-post__title uagb-post__text\">\n\t\t\t\t<a href=\"https:\/\/www.drilkerozdemir.com\/en\/urology-andrology\/urine-culture\" target=\"_self\" rel=\"bookmark noopener noreferrer\">Urine Culture<\/a>\n\t\t\t<\/h4>\n\t\t\t\t\t\t<div class='uagb-post__text uagb-post-grid-byline'>\n\t\t\t\t\t\t\t<\/div>\n\t\t\t\t\t\t\t<div class='uagb-post__text uagb-post__excerpt'>\n\t\t\t\t\tThe urine culture test allows us to identify organisms present in the urine that cause infections. It is particularly useful&#8230;\t\t\t\t<\/div>\n\t\t\t\t\t\t<div class=\"uagb-post__text uagb-post__cta wp-block-button\">\n\t\t\t\t<a class=\"wp-block-button__link uagb-text-link\" href=\"https:\/\/www.drilkerozdemir.com\/en\/urology-andrology\/urine-culture\" target=\"_self\" rel=\"bookmark noopener noreferrer\">Read More &raquo;<\/a>\n\t\t\t<\/div>\n\t\t\t\t\t\t\t\t\t\t\t\t<\/article>\n\t\t\t\t\t\t\t\t\t\t\t\t\t\t\t\t<article class=\"uagb-post__inner-wrap\">\t\t\t\t\t\t\t\t<div class='uagb-post__image'>\n\t\t\t\t\t\t\t\t\t<a href=\"https:\/\/www.drilkerozdemir.com\/en\/urology-andrology\/sperm-analysis\" target=\"_self\" rel=\"bookmark noopener noreferrer\" class='uagb-image-ratio-2-3'><img decoding=\"async\" width=\"350\" height=\"350\" src=\"https:\/\/www.drilkerozdemir.com\/upload\/sperm-analizi-350x350.webp\" class=\"attachment-medium size-medium\" alt=\"Sperm Analizi\" srcset=\"https:\/\/www.drilkerozdemir.com\/upload\/sperm-analizi-350x350.webp 350w, https:\/\/www.drilkerozdemir.com\/upload\/sperm-analizi-235x235.webp 235w, https:\/\/www.drilkerozdemir.com\/upload\/sperm-analizi.webp 600w\" sizes=\"(max-width: 350px) 100vw, 350px\" title=\"\">\t\t\t\t\t<\/a>\n\t\t\t\t\t\t\t<\/div>\n\t\t\t\t\t\t<h4 class=\"uagb-post__title uagb-post__text\">\n\t\t\t\t<a href=\"https:\/\/www.drilkerozdemir.com\/en\/urology-andrology\/sperm-analysis\" target=\"_self\" rel=\"bookmark noopener noreferrer\">Sperm Analysis<\/a>\n\t\t\t<\/h4>\n\t\t\t\t\t\t<div class='uagb-post__text uagb-post-grid-byline'>\n\t\t\t\t\t\t\t<\/div>\n\t\t\t\t\t\t\t<div class='uagb-post__text uagb-post__excerpt'>\n\t\t\t\t\tSemen analysis is a microscopic examination method conducted to assess the reproductive potential of men.\t\t\t\t<\/div>\n\t\t\t\t\t\t<div class=\"uagb-post__text uagb-post__cta wp-block-button\">\n\t\t\t\t<a class=\"wp-block-button__link uagb-text-link\" href=\"https:\/\/www.drilkerozdemir.com\/en\/urology-andrology\/sperm-analysis\" target=\"_self\" rel=\"bookmark noopener noreferrer\">Read More &raquo;<\/a>\n\t\t\t<\/div>\n\t\t\t\t\t\t\t\t\t\t\t\t<\/article>\n\t\t\t\t\t\t\t\t\t\t\t<\/div>\n\t\t\t\n<\/div>\n<\/section><\/div>","protected":false},"excerpt":{"rendered":"<p>Diagnostic Methods \u2013 Personalized Diagnostic Applications for Every Patient Your health is guaranteed with the diagnostic and imaging methods frequently used by urology specialists! With personalized diagnostic opportunities using the most modern methods compliant with world standards, we offer special diagnostic approaches for every patient!<\/p>\n","protected":false},"author":115524,"featured_media":0,"parent":3862,"menu_order":0,"comment_status":"closed","ping_status":"closed","template":"","meta":{"inline_featured_image":false,"_uag_custom_page_level_css":"","ub_ctt_via":"","footnotes":""},"featured_image_src":null,"uagb_featured_image_src":{"full":false,"thumbnail":false,"medium":false,"medium_large":false,"large":false,"1536x1536":false,"2048x2048":false},"uagb_author_info":{"display_name":"Doktor \u0130lker \u00d6ZDEM\u0130R","author_link":"https:\/\/www.drilkerozdemir.com\/en\/author\/drilkerozdemir"},"uagb_comment_info":0,"uagb_excerpt":"Diagnostic Methods \u2013 Personalized Diagnostic Applications for Every Patient Your health is guaranteed with the diagnostic and imaging methods frequently used by urology specialists! With personalized diagnostic opportunities using the most modern methods compliant with world standards, we offer special diagnostic approaches for every patient!","_links":{"self":[{"href":"https:\/\/www.drilkerozdemir.com\/en\/wp-json\/wp\/v2\/pages\/3897"}],"collection":[{"href":"https:\/\/www.drilkerozdemir.com\/en\/wp-json\/wp\/v2\/pages"}],"about":[{"href":"https:\/\/www.drilkerozdemir.com\/en\/wp-json\/wp\/v2\/types\/page"}],"author":[{"embeddable":true,"href":"https:\/\/www.drilkerozdemir.com\/en\/wp-json\/wp\/v2\/users\/115524"}],"replies":[{"embeddable":true,"href":"https:\/\/www.drilkerozdemir.com\/en\/wp-json\/wp\/v2\/comments?post=3897"}],"version-history":[{"count":0,"href":"https:\/\/www.drilkerozdemir.com\/en\/wp-json\/wp\/v2\/pages\/3897\/revisions"}],"up":[{"embeddable":true,"href":"https:\/\/www.drilkerozdemir.com\/en\/wp-json\/wp\/v2\/pages\/3862"}],"wp:attachment":[{"href":"https:\/\/www.drilkerozdemir.com\/en\/wp-json\/wp\/v2\/media?parent=3897"}],"curies":[{"name":"wp","href":"https:\/\/api.w.org\/{rel}","templated":true}]}}